{"id":9685,"date":"2026-02-12T23:02:40","date_gmt":"2026-02-12T21:02:40","guid":{"rendered":"https:\/\/religionstars.com\/pays\/"},"modified":"2026-03-15T10:09:05","modified_gmt":"2026-03-15T08:09:05","slug":"pays","status":"publish","type":"page","link":"https:\/\/religionstars.com\/it\/pays\/","title":{"rendered":"Paese"},"content":{"rendered":"","protected":false},"excerpt":{"rendered":"","protected":false},"author":1,"featured_media":0,"parent":0,"menu_order":0,"comment_status":"closed","ping_status":"closed","template":"page-archive-pays.php","meta":{"_acf_changed":false,"_kad_blocks_custom_css":"","_kad_blocks_head_custom_js":"","_kad_blocks_body_custom_js":"","_kad_blocks_footer_custom_js":"","_kadence_starter_templates_imported_post":false,"_kad_post_transparent":"","_kad_post_title":"","_kad_post_layout":"","_kad_post_sidebar_id":"","_kad_post_content_style":"","_kad_post_vertical_padding":"","_kad_post_feature":"","_kad_post_feature_position":"","_kad_post_header":false,"_kad_post_footer":false,"_kad_post_classname":"","footnotes":""},"class_list":["post-9685","page","type-page","status-publish","hentry"],"acf":[],"yoast_head":"<!-- This site is optimized with the Yoast SEO plugin v27.4 - https:\/\/yoast.com\/product\/yoast-seo-wordpress\/ -->\n<title>Celebrit\u00e0 per Paese - Celebrit\u00e0 di tutto il mondo e le loro religioni<\/title>\n<meta name=\"description\" content=\"Scopri le religioni delle celebrit\u00e0 per Paese: Italia, Stati Uniti, Regno Unito, Francia...\" \/>\n<meta name=\"robots\" content=\"index, follow, max-snippet:-1, max-image-preview:large, max-video-preview:-1\" \/>\n<link rel=\"canonical\" href=\"https:\/\/religionstars.com\/it\/pays\/\" \/>\n<meta property=\"og:locale\" content=\"it_IT\" \/>\n<meta property=\"og:type\" content=\"article\" \/>\n<meta property=\"og:title\" content=\"Celebrit\u00e0 per Paese - Celebrit\u00e0 di tutto il mondo e le loro religioni\" \/>\n<meta property=\"og:description\" content=\"Scopri le religioni delle celebrit\u00e0 per Paese: Italia, Stati Uniti, Regno Unito, Francia...\" \/>\n<meta property=\"og:url\" content=\"https:\/\/religionstars.com\/it\/pays\/\" \/>\n<meta property=\"og:site_name\" content=\"Religion Stars\" \/>\n<meta property=\"article:modified_time\" content=\"2026-03-15T08:09:05+00:00\" \/>\n<meta name=\"twitter:card\" content=\"summary_large_image\" \/>\n<script type=\"application\/ld+json\" class=\"yoast-schema-graph\">{\"@context\":\"https:\\\/\\\/schema.org\",\"@graph\":[{\"@type\":\"WebPage\",\"@id\":\"https:\\\/\\\/religionstars.com\\\/it\\\/pays\\\/\",\"url\":\"https:\\\/\\\/religionstars.com\\\/it\\\/pays\\\/\",\"name\":\"Celebrit\u00e0 per Paese - Celebrit\u00e0 di tutto il mondo e le loro religioni\",\"isPartOf\":{\"@id\":\"https:\\\/\\\/religionstars.com\\\/it\\\/#website\"},\"datePublished\":\"2026-02-12T21:02:40+00:00\",\"dateModified\":\"2026-03-15T08:09:05+00:00\",\"description\":\"Scopri le religioni delle celebrit\u00e0 per Paese: Italia, Stati Uniti, Regno Unito, Francia...\",\"breadcrumb\":{\"@id\":\"https:\\\/\\\/religionstars.com\\\/it\\\/pays\\\/#breadcrumb\"},\"inLanguage\":\"it-IT\",\"potentialAction\":[{\"@type\":\"ReadAction\",\"target\":[\"https:\\\/\\\/religionstars.com\\\/it\\\/pays\\\/\"]}]},{\"@type\":\"BreadcrumbList\",\"@id\":\"https:\\\/\\\/religionstars.com\\\/it\\\/pays\\\/#breadcrumb\",\"itemListElement\":[{\"@type\":\"ListItem\",\"position\":1,\"name\":\"Home\",\"item\":\"https:\\\/\\\/religionstars.com\\\/it\\\/homepage\\\/\"},{\"@type\":\"ListItem\",\"position\":2,\"name\":\"Paese\"}]},{\"@type\":\"WebSite\",\"@id\":\"https:\\\/\\\/religionstars.com\\\/it\\\/#website\",\"url\":\"https:\\\/\\\/religionstars.com\\\/it\\\/\",\"name\":\"Religion Stars\",\"description\":\"The faith and beliefs of famous people\",\"publisher\":{\"@id\":\"https:\\\/\\\/religionstars.com\\\/it\\\/#organization\"},\"potentialAction\":[{\"@type\":\"SearchAction\",\"target\":{\"@type\":\"EntryPoint\",\"urlTemplate\":\"https:\\\/\\\/religionstars.com\\\/it\\\/?s={search_term_string}\"},\"query-input\":{\"@type\":\"PropertyValueSpecification\",\"valueRequired\":true,\"valueName\":\"search_term_string\"}}],\"inLanguage\":\"it-IT\"},{\"@type\":\"Organization\",\"@id\":\"https:\\\/\\\/religionstars.com\\\/it\\\/#organization\",\"name\":\"Religion Stars\",\"url\":\"https:\\\/\\\/religionstars.com\\\/it\\\/\",\"logo\":{\"@type\":\"ImageObject\",\"inLanguage\":\"it-IT\",\"@id\":\"https:\\\/\\\/religionstars.com\\\/it\\\/#\\\/schema\\\/logo\\\/image\\\/\",\"url\":\"https:\\\/\\\/religionstars.com\\\/wp-content\\\/uploads\\\/2025\\\/07\\\/cropped-Logo-Favicon-fond-clair.png\",\"contentUrl\":\"https:\\\/\\\/religionstars.com\\\/wp-content\\\/uploads\\\/2025\\\/07\\\/cropped-Logo-Favicon-fond-clair.png\",\"width\":512,\"height\":276,\"caption\":\"Religion Stars\"},\"image\":{\"@id\":\"https:\\\/\\\/religionstars.com\\\/it\\\/#\\\/schema\\\/logo\\\/image\\\/\"}}]}<\/script>\n<!-- \/ Yoast SEO plugin. -->","yoast_head_json":{"title":"Celebrit\u00e0 per Paese - Celebrit\u00e0 di tutto il mondo e le loro religioni","description":"Scopri le religioni delle celebrit\u00e0 per Paese: Italia, Stati Uniti, Regno Unito, Francia...","robots":{"index":"index","follow":"follow","max-snippet":"max-snippet:-1","max-image-preview":"max-image-preview:large","max-video-preview":"max-video-preview:-1"},"canonical":"https:\/\/religionstars.com\/it\/pays\/","og_locale":"it_IT","og_type":"article","og_title":"Celebrit\u00e0 per Paese - Celebrit\u00e0 di tutto il mondo e le loro religioni","og_description":"Scopri le religioni delle celebrit\u00e0 per Paese: Italia, Stati Uniti, Regno Unito, Francia...","og_url":"https:\/\/religionstars.com\/it\/pays\/","og_site_name":"Religion Stars","article_modified_time":"2026-03-15T08:09:05+00:00","twitter_card":"summary_large_image","schema":{"@context":"https:\/\/schema.org","@graph":[{"@type":"WebPage","@id":"https:\/\/religionstars.com\/it\/pays\/","url":"https:\/\/religionstars.com\/it\/pays\/","name":"Celebrit\u00e0 per Paese - Celebrit\u00e0 di tutto il mondo e le loro religioni","isPartOf":{"@id":"https:\/\/religionstars.com\/it\/#website"},"datePublished":"2026-02-12T21:02:40+00:00","dateModified":"2026-03-15T08:09:05+00:00","description":"Scopri le religioni delle celebrit\u00e0 per Paese: Italia, Stati Uniti, Regno Unito, Francia...","breadcrumb":{"@id":"https:\/\/religionstars.com\/it\/pays\/#breadcrumb"},"inLanguage":"it-IT","potentialAction":[{"@type":"ReadAction","target":["https:\/\/religionstars.com\/it\/pays\/"]}]},{"@type":"BreadcrumbList","@id":"https:\/\/religionstars.com\/it\/pays\/#breadcrumb","itemListElement":[{"@type":"ListItem","position":1,"name":"Home","item":"https:\/\/religionstars.com\/it\/homepage\/"},{"@type":"ListItem","position":2,"name":"Paese"}]},{"@type":"WebSite","@id":"https:\/\/religionstars.com\/it\/#website","url":"https:\/\/religionstars.com\/it\/","name":"Religion Stars","description":"The faith and beliefs of famous people","publisher":{"@id":"https:\/\/religionstars.com\/it\/#organization"},"potentialAction":[{"@type":"SearchAction","target":{"@type":"EntryPoint","urlTemplate":"https:\/\/religionstars.com\/it\/?s={search_term_string}"},"query-input":{"@type":"PropertyValueSpecification","valueRequired":true,"valueName":"search_term_string"}}],"inLanguage":"it-IT"},{"@type":"Organization","@id":"https:\/\/religionstars.com\/it\/#organization","name":"Religion Stars","url":"https:\/\/religionstars.com\/it\/","logo":{"@type":"ImageObject","inLanguage":"it-IT","@id":"https:\/\/religionstars.com\/it\/#\/schema\/logo\/image\/","url":"https:\/\/religionstars.com\/wp-content\/uploads\/2025\/07\/cropped-Logo-Favicon-fond-clair.png","contentUrl":"https:\/\/religionstars.com\/wp-content\/uploads\/2025\/07\/cropped-Logo-Favicon-fond-clair.png","width":512,"height":276,"caption":"Religion Stars"},"image":{"@id":"https:\/\/religionstars.com\/it\/#\/schema\/logo\/image\/"}}]}},"taxonomy_info":[],"featured_image_src_large":false,"author_info":{"display_name":"Admin","author_link":"https:\/\/religionstars.com\/it\/author\/rodriguezmer\/"},"comment_info":0,"_links":{"self":[{"href":"https:\/\/religionstars.com\/it\/wp-json\/wp\/v2\/pages\/9685","targetHints":{"allow":["GET"]}}],"collection":[{"href":"https:\/\/religionstars.com\/it\/wp-json\/wp\/v2\/pages"}],"about":[{"href":"https:\/\/religionstars.com\/it\/wp-json\/wp\/v2\/types\/page"}],"author":[{"embeddable":true,"href":"https:\/\/religionstars.com\/it\/wp-json\/wp\/v2\/users\/1"}],"replies":[{"embeddable":true,"href":"https:\/\/religionstars.com\/it\/wp-json\/wp\/v2\/comments?post=9685"}],"version-history":[{"count":2,"href":"https:\/\/religionstars.com\/it\/wp-json\/wp\/v2\/pages\/9685\/revisions"}],"predecessor-version":[{"id":30100,"href":"https:\/\/religionstars.com\/it\/wp-json\/wp\/v2\/pages\/9685\/revisions\/30100"}],"wp:attachment":[{"href":"https:\/\/religionstars.com\/it\/wp-json\/wp\/v2\/media?parent=9685"}],"curies":[{"name":"wp","href":"https:\/\/api.w.org\/{rel}","templated":true}]}}